{"id":6202,"date":"2024-10-08T08:56:32","date_gmt":"2024-10-08T13:56:32","guid":{"rendered":"https:\/\/wrapat.com\/paracord\/?post_type=product&#038;p=6202"},"modified":"2026-03-02T23:30:32","modified_gmt":"2026-03-03T04:30:32","slug":"pulsera-paracord-cobra-camo-verde-vino-vino","status":"publish","type":"product","link":"https:\/\/wrapat.com\/paracord\/producto\/pulsera-paracord-cobra-camo-verde-vino-vino\/","title":{"rendered":"Pulsera Paracord Cobra Camo Verde Vino \/ Vino"},"content":{"rendered":"<p>Pulsera hecha a mano con Paracord 750 tipo IV y de 550 tipo III de alta resistencia.<\/p>\n<p>Material: Cuerda Paracord 750 y 550<br \/>\nMedidas: 2 cms (ancho)<br \/>\nEstilo: Cobra<br \/>\nCierre: Hebilla verde pl\u00e1stico 3\/8<br \/>\nTalla: Personalizada<br \/>\nUso: Unisex<br \/>\nProtecci\u00f3n: Apto para el uso en el agua, alejar del fuego<\/p>\n","protected":false},"excerpt":{"rendered":"<p>Pulsera hecha a mano con Paracord 750 tipo IV y de 550 tipo III de alta resistencia. Material: Cuerda Paracord 750 y 550 Medidas: 2&#8230;<\/p>\n","protected":false},"featured_media":6204,"template":"","meta":{"_joinchat":[],"jetpack_publicize_message":"","jetpack_publicize_feature_enabled":true,"jetpack_social_post_already_shared":false,"jetpack_social_options":{"image_generator_settings":{"template":"highway","default_image_id":0,"font":"","enabled":false},"version":2}},"product_brand":[],"product_cat":[80],"product_tag":[155,97,84],"class_list":{"0":"post-6202","1":"product","2":"type-product","3":"status-publish","4":"has-post-thumbnail","6":"product_cat-pulseras","7":"product_tag-camuflaje","8":"product_tag-cobra","9":"product_tag-pulseras","11":"first","12":"outofstock","13":"shipping-taxable","14":"purchasable","15":"product-type-simple"},"etheme_brands":{"errors":{"invalid_taxonomy":["Taxonom\u00eda no v\u00e1lida."]},"error_data":[]},"yoast_head":"<!-- This site is optimized with the Yoast SEO plugin v27.3 - https:\/\/yoast.com\/product\/yoast-seo-wordpress\/ -->\n<title>Pulsera Paracord Cobra Camo Verde Vino \/ Vino - Wrapat.com<\/title>\n<meta name=\"description\" content=\"Pulseras de paracord, llaveros de paracord, correas para c\u00e1mara, correas para celular, correas para celulares, guayaquil, pulseras y llaveros en guayaquil, pulseras paracord guayaquil, accesorios de cuerda de paraca\u00eddas, pulseras de paracord, regalos artesanales, regalos originales, pulseras, llaveros, accesorios, manillas de cuerda de paraca\u00eddas, manillas, paracord, paracord 550, pulseras de supervivencia, accesorios personalizados, joyer\u00eda outdoor, accesorios de aventuras, accesorios, aventura, dise\u00f1os exclusivos, hechos a mano, regala paracord, wrapat, wrapat ecuador , wrapat guayaquil, paracord guayaquil, venta de pulseras paracord, pulseras paracord en guayaquil, nudo cobra, nudo paracord, estilo cobra paracord cobra, nudo king cobra, nudo fishtail, nudo solomon var, nudo diamante, nudo serpiente, nudo drag\u00f3n, nudo tornillo, nudo espiga, nudo diente de tibur\u00f3n, rey cobra, king cobra, cola de pez, diamond knot, knot, trilobite, ladder rack, dragon\u2019s claw, cobra reversible, sawtooth, snake knot, nudo jabalina, jabaline knot, nudo adn, dna knot, solomon bar, portuguese sinnet, zipper sinnet, twist knot, herringbone weave, bootlace, shark jar bone\" \/>\n<meta name=\"robots\" content=\"index, follow, max-snippet:-1, max-image-preview:large, max-video-preview:-1\" \/>\n<link rel=\"canonical\" href=\"https:\/\/wrapat.com\/paracord\/producto\/pulsera-paracord-cobra-camo-verde-vino-vino\/\" \/>\n<meta property=\"og:locale\" content=\"es_ES\" \/>\n<meta property=\"og:type\" content=\"article\" \/>\n<meta property=\"og:title\" content=\"Pulsera Paracord Cobra Camo Verde Vino \/ Vino - Wrapat.com\" \/>\n<meta property=\"og:description\" content=\"Pulseras de paracord, llaveros de paracord, correas para c\u00e1mara, correas para celular, correas para celulares, guayaquil, pulseras y llaveros en guayaquil, pulseras paracord guayaquil, accesorios de cuerda de paraca\u00eddas, pulseras de paracord, regalos artesanales, regalos originales, pulseras, llaveros, accesorios, manillas de cuerda de paraca\u00eddas, manillas, paracord, paracord 550, pulseras de supervivencia, accesorios personalizados, joyer\u00eda outdoor, accesorios de aventuras, accesorios, aventura, dise\u00f1os exclusivos, hechos a mano, regala paracord, wrapat, wrapat ecuador , wrapat guayaquil, paracord guayaquil, venta de pulseras paracord, pulseras paracord en guayaquil, nudo cobra, nudo paracord, estilo cobra paracord cobra, nudo king cobra, nudo fishtail, nudo solomon var, nudo diamante, nudo serpiente, nudo drag\u00f3n, nudo tornillo, nudo espiga, nudo diente de tibur\u00f3n, rey cobra, king cobra, cola de pez, diamond knot, knot, trilobite, ladder rack, dragon\u2019s claw, cobra reversible, sawtooth, snake knot, nudo jabalina, jabaline knot, nudo adn, dna knot, solomon bar, portuguese sinnet, zipper sinnet, twist knot, herringbone weave, bootlace, shark jar bone\" \/>\n<meta property=\"og:url\" content=\"https:\/\/wrapat.com\/paracord\/producto\/pulsera-paracord-cobra-camo-verde-vino-vino\/\" \/>\n<meta property=\"og:site_name\" content=\"Wrapat.com\" \/>\n<meta property=\"article:publisher\" content=\"https:\/\/www.facebook.com\/wrapat.ec\" \/>\n<meta property=\"article:modified_time\" content=\"2026-03-03T04:30:32+00:00\" \/>\n<meta property=\"og:image\" content=\"https:\/\/wrapat.com\/paracord\/wp-content\/uploads\/2024\/10\/publi-pulseras-1350-11.jpg\" \/>\n\t<meta property=\"og:image:width\" content=\"1080\" \/>\n\t<meta property=\"og:image:height\" content=\"1350\" \/>\n\t<meta property=\"og:image:type\" content=\"image\/jpeg\" \/>\n<meta name=\"twitter:card\" content=\"summary_large_image\" \/>\n<meta name=\"twitter:label1\" content=\"Tiempo de lectura\" \/>\n\t<meta name=\"twitter:data1\" content=\"1 minuto\" \/>\n<script type=\"application\/ld+json\" class=\"yoast-schema-graph\">{\"@context\":\"https:\\\/\\\/schema.org\",\"@graph\":[{\"@type\":\"WebPage\",\"@id\":\"https:\\\/\\\/wrapat.com\\\/paracord\\\/producto\\\/pulsera-paracord-cobra-camo-verde-vino-vino\\\/\",\"url\":\"https:\\\/\\\/wrapat.com\\\/paracord\\\/producto\\\/pulsera-paracord-cobra-camo-verde-vino-vino\\\/\",\"name\":\"Pulsera Paracord Cobra Camo Verde Vino \\\/ Vino - Wrapat.com\",\"isPartOf\":{\"@id\":\"https:\\\/\\\/wrapat.com\\\/paracord\\\/#website\"},\"primaryImageOfPage\":{\"@id\":\"https:\\\/\\\/wrapat.com\\\/paracord\\\/producto\\\/pulsera-paracord-cobra-camo-verde-vino-vino\\\/#primaryimage\"},\"image\":{\"@id\":\"https:\\\/\\\/wrapat.com\\\/paracord\\\/producto\\\/pulsera-paracord-cobra-camo-verde-vino-vino\\\/#primaryimage\"},\"thumbnailUrl\":\"https:\\\/\\\/i0.wp.com\\\/wrapat.com\\\/paracord\\\/wp-content\\\/uploads\\\/2024\\\/10\\\/publi-pulseras-1350-11.jpg?fit=1080%2C1350&ssl=1\",\"datePublished\":\"2024-10-08T13:56:32+00:00\",\"dateModified\":\"2026-03-03T04:30:32+00:00\",\"description\":\"Pulseras de paracord, llaveros de paracord, correas para c\u00e1mara, correas para celular, correas para celulares, guayaquil, pulseras y llaveros en guayaquil, pulseras paracord guayaquil, accesorios de cuerda de paraca\u00eddas, pulseras de paracord, regalos artesanales, regalos originales, pulseras, llaveros, accesorios, manillas de cuerda de paraca\u00eddas, manillas, paracord, paracord 550, pulseras de supervivencia, accesorios personalizados, joyer\u00eda outdoor, accesorios de aventuras, accesorios, aventura, dise\u00f1os exclusivos, hechos a mano, regala paracord, wrapat, wrapat ecuador , wrapat guayaquil, paracord guayaquil, venta de pulseras paracord, pulseras paracord en guayaquil, nudo cobra, nudo paracord, estilo cobra paracord cobra, nudo king cobra, nudo fishtail, nudo solomon var, nudo diamante, nudo serpiente, nudo drag\u00f3n, nudo tornillo, nudo espiga, nudo diente de tibur\u00f3n, rey cobra, king cobra, cola de pez, diamond knot, knot, trilobite, ladder rack, dragon\u2019s claw, cobra reversible, sawtooth, snake knot, nudo jabalina, jabaline knot, nudo adn, dna knot, solomon bar, portuguese sinnet, zipper sinnet, twist knot, herringbone weave, bootlace, shark jar bone\",\"breadcrumb\":{\"@id\":\"https:\\\/\\\/wrapat.com\\\/paracord\\\/producto\\\/pulsera-paracord-cobra-camo-verde-vino-vino\\\/#breadcrumb\"},\"inLanguage\":\"es\",\"potentialAction\":[{\"@type\":\"ReadAction\",\"target\":[\"https:\\\/\\\/wrapat.com\\\/paracord\\\/producto\\\/pulsera-paracord-cobra-camo-verde-vino-vino\\\/\"]}]},{\"@type\":\"ImageObject\",\"inLanguage\":\"es\",\"@id\":\"https:\\\/\\\/wrapat.com\\\/paracord\\\/producto\\\/pulsera-paracord-cobra-camo-verde-vino-vino\\\/#primaryimage\",\"url\":\"https:\\\/\\\/i0.wp.com\\\/wrapat.com\\\/paracord\\\/wp-content\\\/uploads\\\/2024\\\/10\\\/publi-pulseras-1350-11.jpg?fit=1080%2C1350&ssl=1\",\"contentUrl\":\"https:\\\/\\\/i0.wp.com\\\/wrapat.com\\\/paracord\\\/wp-content\\\/uploads\\\/2024\\\/10\\\/publi-pulseras-1350-11.jpg?fit=1080%2C1350&ssl=1\",\"width\":1080,\"height\":1350},{\"@type\":\"BreadcrumbList\",\"@id\":\"https:\\\/\\\/wrapat.com\\\/paracord\\\/producto\\\/pulsera-paracord-cobra-camo-verde-vino-vino\\\/#breadcrumb\",\"itemListElement\":[{\"@type\":\"ListItem\",\"position\":1,\"name\":\"Portada\",\"item\":\"https:\\\/\\\/wrapat.com\\\/paracord\\\/\"},{\"@type\":\"ListItem\",\"position\":2,\"name\":\"Tienda\",\"item\":\"https:\\\/\\\/wrapat.com\\\/paracord\\\/tienda\\\/\"},{\"@type\":\"ListItem\",\"position\":3,\"name\":\"Pulsera Paracord Cobra Camo Verde Vino \\\/ Vino\"}]},{\"@type\":\"WebSite\",\"@id\":\"https:\\\/\\\/wrapat.com\\\/paracord\\\/#website\",\"url\":\"https:\\\/\\\/wrapat.com\\\/paracord\\\/\",\"name\":\"Wrapat.com\",\"description\":\"\",\"potentialAction\":[{\"@type\":\"SearchAction\",\"target\":{\"@type\":\"EntryPoint\",\"urlTemplate\":\"https:\\\/\\\/wrapat.com\\\/paracord\\\/?s={search_term_string}\"},\"query-input\":{\"@type\":\"PropertyValueSpecification\",\"valueRequired\":true,\"valueName\":\"search_term_string\"}}],\"inLanguage\":\"es\"}]}<\/script>\n<!-- \/ Yoast SEO plugin. -->","yoast_head_json":{"title":"Pulsera Paracord Cobra Camo Verde Vino \/ Vino - Wrapat.com","description":"Pulseras de paracord, llaveros de paracord, correas para c\u00e1mara, correas para celular, correas para celulares, guayaquil, pulseras y llaveros en guayaquil, pulseras paracord guayaquil, accesorios de cuerda de paraca\u00eddas, pulseras de paracord, regalos artesanales, regalos originales, pulseras, llaveros, accesorios, manillas de cuerda de paraca\u00eddas, manillas, paracord, paracord 550, pulseras de supervivencia, accesorios personalizados, joyer\u00eda outdoor, accesorios de aventuras, accesorios, aventura, dise\u00f1os exclusivos, hechos a mano, regala paracord, wrapat, wrapat ecuador , wrapat guayaquil, paracord guayaquil, venta de pulseras paracord, pulseras paracord en guayaquil, nudo cobra, nudo paracord, estilo cobra paracord cobra, nudo king cobra, nudo fishtail, nudo solomon var, nudo diamante, nudo serpiente, nudo drag\u00f3n, nudo tornillo, nudo espiga, nudo diente de tibur\u00f3n, rey cobra, king cobra, cola de pez, diamond knot, knot, trilobite, ladder rack, dragon\u2019s claw, cobra reversible, sawtooth, snake knot, nudo jabalina, jabaline knot, nudo adn, dna knot, solomon bar, portuguese sinnet, zipper sinnet, twist knot, herringbone weave, bootlace, shark jar bone","robots":{"index":"index","follow":"follow","max-snippet":"max-snippet:-1","max-image-preview":"max-image-preview:large","max-video-preview":"max-video-preview:-1"},"canonical":"https:\/\/wrapat.com\/paracord\/producto\/pulsera-paracord-cobra-camo-verde-vino-vino\/","og_locale":"es_ES","og_type":"article","og_title":"Pulsera Paracord Cobra Camo Verde Vino \/ Vino - Wrapat.com","og_description":"Pulseras de paracord, llaveros de paracord, correas para c\u00e1mara, correas para celular, correas para celulares, guayaquil, pulseras y llaveros en guayaquil, pulseras paracord guayaquil, accesorios de cuerda de paraca\u00eddas, pulseras de paracord, regalos artesanales, regalos originales, pulseras, llaveros, accesorios, manillas de cuerda de paraca\u00eddas, manillas, paracord, paracord 550, pulseras de supervivencia, accesorios personalizados, joyer\u00eda outdoor, accesorios de aventuras, accesorios, aventura, dise\u00f1os exclusivos, hechos a mano, regala paracord, wrapat, wrapat ecuador , wrapat guayaquil, paracord guayaquil, venta de pulseras paracord, pulseras paracord en guayaquil, nudo cobra, nudo paracord, estilo cobra paracord cobra, nudo king cobra, nudo fishtail, nudo solomon var, nudo diamante, nudo serpiente, nudo drag\u00f3n, nudo tornillo, nudo espiga, nudo diente de tibur\u00f3n, rey cobra, king cobra, cola de pez, diamond knot, knot, trilobite, ladder rack, dragon\u2019s claw, cobra reversible, sawtooth, snake knot, nudo jabalina, jabaline knot, nudo adn, dna knot, solomon bar, portuguese sinnet, zipper sinnet, twist knot, herringbone weave, bootlace, shark jar bone","og_url":"https:\/\/wrapat.com\/paracord\/producto\/pulsera-paracord-cobra-camo-verde-vino-vino\/","og_site_name":"Wrapat.com","article_publisher":"https:\/\/www.facebook.com\/wrapat.ec","article_modified_time":"2026-03-03T04:30:32+00:00","og_image":[{"width":1080,"height":1350,"url":"https:\/\/wrapat.com\/paracord\/wp-content\/uploads\/2024\/10\/publi-pulseras-1350-11.jpg","type":"image\/jpeg"}],"twitter_card":"summary_large_image","twitter_misc":{"Tiempo de lectura":"1 minuto"},"schema":{"@context":"https:\/\/schema.org","@graph":[{"@type":"WebPage","@id":"https:\/\/wrapat.com\/paracord\/producto\/pulsera-paracord-cobra-camo-verde-vino-vino\/","url":"https:\/\/wrapat.com\/paracord\/producto\/pulsera-paracord-cobra-camo-verde-vino-vino\/","name":"Pulsera Paracord Cobra Camo Verde Vino \/ Vino - Wrapat.com","isPartOf":{"@id":"https:\/\/wrapat.com\/paracord\/#website"},"primaryImageOfPage":{"@id":"https:\/\/wrapat.com\/paracord\/producto\/pulsera-paracord-cobra-camo-verde-vino-vino\/#primaryimage"},"image":{"@id":"https:\/\/wrapat.com\/paracord\/producto\/pulsera-paracord-cobra-camo-verde-vino-vino\/#primaryimage"},"thumbnailUrl":"https:\/\/i0.wp.com\/wrapat.com\/paracord\/wp-content\/uploads\/2024\/10\/publi-pulseras-1350-11.jpg?fit=1080%2C1350&ssl=1","datePublished":"2024-10-08T13:56:32+00:00","dateModified":"2026-03-03T04:30:32+00:00","description":"Pulseras de paracord, llaveros de paracord, correas para c\u00e1mara, correas para celular, correas para celulares, guayaquil, pulseras y llaveros en guayaquil, pulseras paracord guayaquil, accesorios de cuerda de paraca\u00eddas, pulseras de paracord, regalos artesanales, regalos originales, pulseras, llaveros, accesorios, manillas de cuerda de paraca\u00eddas, manillas, paracord, paracord 550, pulseras de supervivencia, accesorios personalizados, joyer\u00eda outdoor, accesorios de aventuras, accesorios, aventura, dise\u00f1os exclusivos, hechos a mano, regala paracord, wrapat, wrapat ecuador , wrapat guayaquil, paracord guayaquil, venta de pulseras paracord, pulseras paracord en guayaquil, nudo cobra, nudo paracord, estilo cobra paracord cobra, nudo king cobra, nudo fishtail, nudo solomon var, nudo diamante, nudo serpiente, nudo drag\u00f3n, nudo tornillo, nudo espiga, nudo diente de tibur\u00f3n, rey cobra, king cobra, cola de pez, diamond knot, knot, trilobite, ladder rack, dragon\u2019s claw, cobra reversible, sawtooth, snake knot, nudo jabalina, jabaline knot, nudo adn, dna knot, solomon bar, portuguese sinnet, zipper sinnet, twist knot, herringbone weave, bootlace, shark jar bone","breadcrumb":{"@id":"https:\/\/wrapat.com\/paracord\/producto\/pulsera-paracord-cobra-camo-verde-vino-vino\/#breadcrumb"},"inLanguage":"es","potentialAction":[{"@type":"ReadAction","target":["https:\/\/wrapat.com\/paracord\/producto\/pulsera-paracord-cobra-camo-verde-vino-vino\/"]}]},{"@type":"ImageObject","inLanguage":"es","@id":"https:\/\/wrapat.com\/paracord\/producto\/pulsera-paracord-cobra-camo-verde-vino-vino\/#primaryimage","url":"https:\/\/i0.wp.com\/wrapat.com\/paracord\/wp-content\/uploads\/2024\/10\/publi-pulseras-1350-11.jpg?fit=1080%2C1350&ssl=1","contentUrl":"https:\/\/i0.wp.com\/wrapat.com\/paracord\/wp-content\/uploads\/2024\/10\/publi-pulseras-1350-11.jpg?fit=1080%2C1350&ssl=1","width":1080,"height":1350},{"@type":"BreadcrumbList","@id":"https:\/\/wrapat.com\/paracord\/producto\/pulsera-paracord-cobra-camo-verde-vino-vino\/#breadcrumb","itemListElement":[{"@type":"ListItem","position":1,"name":"Portada","item":"https:\/\/wrapat.com\/paracord\/"},{"@type":"ListItem","position":2,"name":"Tienda","item":"https:\/\/wrapat.com\/paracord\/tienda\/"},{"@type":"ListItem","position":3,"name":"Pulsera Paracord Cobra Camo Verde Vino \/ Vino"}]},{"@type":"WebSite","@id":"https:\/\/wrapat.com\/paracord\/#website","url":"https:\/\/wrapat.com\/paracord\/","name":"Wrapat.com","description":"","potentialAction":[{"@type":"SearchAction","target":{"@type":"EntryPoint","urlTemplate":"https:\/\/wrapat.com\/paracord\/?s={search_term_string}"},"query-input":{"@type":"PropertyValueSpecification","valueRequired":true,"valueName":"search_term_string"}}],"inLanguage":"es"}]}},"jetpack_publicize_connections":[],"jetpack_sharing_enabled":true,"_links":{"self":[{"href":"https:\/\/wrapat.com\/paracord\/wp-json\/wp\/v2\/product\/6202","targetHints":{"allow":["GET"]}}],"collection":[{"href":"https:\/\/wrapat.com\/paracord\/wp-json\/wp\/v2\/product"}],"about":[{"href":"https:\/\/wrapat.com\/paracord\/wp-json\/wp\/v2\/types\/product"}],"version-history":[{"count":5,"href":"https:\/\/wrapat.com\/paracord\/wp-json\/wp\/v2\/product\/6202\/revisions"}],"predecessor-version":[{"id":7557,"href":"https:\/\/wrapat.com\/paracord\/wp-json\/wp\/v2\/product\/6202\/revisions\/7557"}],"wp:featuredmedia":[{"embeddable":true,"href":"https:\/\/wrapat.com\/paracord\/wp-json\/wp\/v2\/media\/6204"}],"wp:attachment":[{"href":"https:\/\/wrapat.com\/paracord\/wp-json\/wp\/v2\/media?parent=6202"}],"wp:term":[{"taxonomy":"product_brand","embeddable":true,"href":"https:\/\/wrapat.com\/paracord\/wp-json\/wp\/v2\/product_brand?post=6202"},{"taxonomy":"product_cat","embeddable":true,"href":"https:\/\/wrapat.com\/paracord\/wp-json\/wp\/v2\/product_cat?post=6202"},{"taxonomy":"product_tag","embeddable":true,"href":"https:\/\/wrapat.com\/paracord\/wp-json\/wp\/v2\/product_tag?post=6202"}],"curies":[{"name":"wp","href":"https:\/\/api.w.org\/{rel}","templated":true}]}}